{"id":1273,"date":"2023-12-20T11:43:57","date_gmt":"2023-12-20T08:43:57","guid":{"rendered":"https:\/\/www.ecas.com.tr\/?page_id=1273"},"modified":"2023-12-20T11:43:57","modified_gmt":"2023-12-20T08:43:57","slug":"v6-gecis-duyurusu","status":"publish","type":"page","link":"https:\/\/ecas.com.tr\/en\/v6-gecis-duyurusu\/","title":{"rendered":"GLOBALG.A.P\u00a0V6\u00a0GE\u00c7\u0130\u015e\u00a0DUYURUSU\u00a0"},"content":{"rendered":"<p class=\"has-text-align-left\">\u00c7ok&nbsp;De\u011ferli&nbsp;\u00fcreticilerimiz&nbsp;ve&nbsp;i\u015f&nbsp;ortaklar\u0131m\u0131z. Ecas&nbsp;Uluslararas\u0131&nbsp;Sertifikasyon&nbsp;Kurulu\u015fu&nbsp;olarak GlobalG.A.P&#8217;&nbsp;ten direkt&nbsp;olarak&nbsp;&nbsp;yetkili&nbsp;&nbsp;akredite&nbsp;bir&nbsp;sertifikasyon&nbsp;kurulu\u015fudur.&nbsp;<\/p>\n\n\n\n<p class=\"has-text-align-left\">Sizlere&nbsp;01.01.2024&nbsp;tarihinden&nbsp;itibaren&nbsp;&nbsp;ge\u00e7erli&nbsp;olacak&nbsp;yeni&nbsp;GlobalG.A.P&nbsp;standard\u0131&nbsp;ile&nbsp;ilgili&nbsp;a\u015fa\u011f\u0131daki&nbsp;duyuruyu bildirmek&nbsp;isteriz.&nbsp;<\/p>\n\n\n\n<p class=\"has-text-align-left\">GlobalG.A.P&nbsp;\u2018in&nbsp;&nbsp;01.10.2022&nbsp;tarihinde&nbsp;&nbsp;y\u00fcr\u00fcrl\u00fc\u011fe&nbsp;giren&nbsp;yeni&nbsp;versiyonu&nbsp;&nbsp;olan&nbsp;&nbsp;IFA&nbsp;V6&nbsp;SMART 01.01.2024&nbsp;tarihinden itibaren&nbsp;zorunlu&nbsp;olacakt\u0131r.&nbsp;&nbsp;<\/p>\n\n\n\n<p class=\"has-text-align-left\">01.01.2024&nbsp;ten&nbsp;itibaren&nbsp;yap\u0131lacak&nbsp;olan&nbsp;t\u00fcm&nbsp;kontroller&nbsp;yeni&nbsp;versiyona&nbsp;g\u00f6re&nbsp;yap\u0131lacakt\u0131r.&nbsp;Kurulu\u015fumuz&nbsp;taraf\u0131ndan GLOBALG.A.P.&nbsp;V&nbsp;5.2\u2019ye&nbsp;g\u00f6re&nbsp;&nbsp;2023&nbsp;y\u0131l\u0131nda&nbsp;belgelendirilmi\u015f&nbsp;ve&nbsp;sertifikas\u0131&nbsp;devam&nbsp;eden&nbsp;\u00fcreticilerimizin&nbsp;yeni versiyona&nbsp;ge\u00e7i\u015fleri&nbsp;sertifika&nbsp;yenileme&nbsp;tarihleri&nbsp;dikkate&nbsp;al\u0131narak&nbsp;yap\u0131lacakt\u0131r.&nbsp;Bu&nbsp;s\u00fcre\u00e7te&nbsp;t\u00fcm&nbsp;\u00fcreticilerin&nbsp;mevcut&nbsp; sistemlerini&nbsp;GLOBALG.A.P.&nbsp;versiyon&nbsp;6&nbsp;Smart\u2019 a&nbsp;uyumlu&nbsp;hale&nbsp;getirmeleri&nbsp;gerekmektedir.&nbsp;<\/p>\n\n\n\n<p class=\"has-text-align-left\">Yeni&nbsp;versiyonun&nbsp;GFSI&nbsp;onayl\u0131&nbsp;s\u00fcr\u00fcm&nbsp;olan&nbsp;IFA&nbsp;V6&nbsp;GFS&nbsp;&nbsp;zorunlulu\u011fu&nbsp;gerekli&nbsp;onay&nbsp;s\u00fcreci&nbsp;tamamland\u0131ktan&nbsp;sonra&nbsp; ba\u015flayacakt\u0131r.&nbsp;Bu&nbsp;s\u00fcre&nbsp;zarf\u0131nda&nbsp;GFSI&nbsp;onayl\u0131&nbsp;belge&nbsp;almak&nbsp;isteyen&nbsp;\u00fcreticiler&nbsp;&nbsp;IFA&nbsp;V&nbsp;5.4.1&nbsp;GFS&nbsp;versiyonundan&nbsp; sertifikasyona&nbsp;devam&nbsp;edebileceklerdir.&nbsp;<\/p>\n\n\n\n<p class=\"has-text-align-left\">Genel&nbsp;de\u011fi\u015fiklikleri&nbsp;i\u00e7eren&nbsp;GLOBALG.A.P.&nbsp;Genel&nbsp;Sekreterli\u011fi\u2019nin&nbsp;yay\u0131nlad\u0131\u011f\u0131<em>&nbsp;&nbsp;<\/em>bilgilendirme&nbsp;dok\u00fcman\u0131n\u0131&nbsp;ekte iletiyoruz,&nbsp;&nbsp;ayr\u0131nt\u0131l\u0131&nbsp;sorular\u0131n\u0131z&nbsp;\/&nbsp;ek&nbsp;bilgilendirme&nbsp;ve&nbsp;ge\u00e7i\u015f&nbsp;s\u00fcrecinde&nbsp;gerekli&nbsp;destek&nbsp;talebiniz&nbsp;i\u00e7in&nbsp;bizimle&nbsp;her&nbsp; zaman&nbsp;irtibata&nbsp;ge\u00e7ebilirsiniz.&nbsp;<\/p>\n\n\n\n<p class=\"has-text-align-left\">\u0130lgili&nbsp;y\u00f6netmelik&nbsp;ve&nbsp;t\u00fcm&nbsp;dok\u00fcmanlar&nbsp;i\u00e7in&nbsp;&nbsp;GLOBALG.A.P.&nbsp;&nbsp;resmi&nbsp;web&nbsp;sitesi&nbsp;https:\/\/www.globalgap.org&nbsp;\u2018u&nbsp;ziyaret edebilirsiniz&nbsp;ve&nbsp;bizlerden&nbsp;&nbsp;her&nbsp;zaman&nbsp;destek&nbsp;talep&nbsp;edebilirsiniz.<\/p>\n\n\n\n<p class=\"has-text-align-left\">\u0130yi&nbsp;\u00c7al\u0131\u015fmalar&nbsp;Dileriz.&nbsp;<\/p>\n\n\n\n<p class=\"has-text-align-left\">Ecas&nbsp;Uluslararas\u0131&nbsp;Sertifikasyon&nbsp;Ve&nbsp;Denetim&nbsp;Limited&nbsp;\u015eirketi&nbsp;&nbsp;<\/p>","protected":false},"excerpt":{"rendered":"<p>\u00c7ok&nbsp;De\u011ferli&nbsp;\u00fcreticilerimiz&nbsp;ve&nbsp;i\u015f&nbsp;ortaklar\u0131m\u0131z. Ecas&nbsp;Uluslararas\u0131&nbsp;Sertifikasyon&nbsp;Kurulu\u015fu&nbsp;olarak GlobalG.A.P&#8217;&nbsp;ten direkt&nbsp;olarak&nbsp;&nbsp;yetkili&nbsp;&nbsp;akredite&nbsp;bir&nbsp;sertifikasyon&nbsp;kurulu\u015fudur.&nbsp; Sizlere&nbsp;01.01.2024&nbsp;tarihinden&nbsp;itibaren&nbsp;&nbsp;ge\u00e7erli&nbsp;olacak&nbsp;yeni&nbsp;GlobalG.A.P&nbsp;standard\u0131&nbsp;ile&nbsp;ilgili&nbsp;a\u015fa\u011f\u0131daki&nbsp;duyuruyu bildirmek&nbsp;isteriz.&nbsp; GlobalG.A.P&nbsp;\u2018in&nbsp;&nbsp;01.10.2022&nbsp;tarihinde&nbsp;&nbsp;y\u00fcr\u00fcrl\u00fc\u011fe&nbsp;giren&nbsp;yeni&nbsp;versiyonu&nbsp;&nbsp;olan&nbsp;&nbsp;IFA&nbsp;V6&nbsp;SMART 01.01.2024&nbsp;tarihinden itibaren&nbsp;zorunlu&nbsp;olacakt\u0131r.&nbsp;&nbsp; 01.01.2024&nbsp;ten&nbsp;itibaren&nbsp;yap\u0131lacak&nbsp;olan&nbsp;t\u00fcm&nbsp;kontroller&nbsp;yeni&nbsp;versiyona&nbsp;g\u00f6re&nbsp;yap\u0131lacakt\u0131r.&nbsp;Kurulu\u015fumuz&nbsp;taraf\u0131ndan GLOBALG.A.P.&nbsp;V&nbsp;5.2\u2019ye&nbsp;g\u00f6re&nbsp;&nbsp;2023&nbsp;y\u0131l\u0131nda&nbsp;belgelendirilmi\u015f&nbsp;ve&nbsp;sertifikas\u0131&nbsp;devam&nbsp;eden&nbsp;\u00fcreticilerimizin&nbsp;yeni versiyona&nbsp;ge\u00e7i\u015fleri&nbsp;sertifika&nbsp;yenileme&nbsp;tarihleri&nbsp;dikkate&nbsp;al\u0131narak&nbsp;yap\u0131lacakt\u0131r.&nbsp;Bu&nbsp;s\u00fcre\u00e7te&nbsp;t\u00fcm&nbsp;\u00fcreticilerin&nbsp;mevcut&nbsp; sistemlerini&nbsp;GLOBALG.A.P.&nbsp;versiyon&nbsp;6&nbsp;Smart\u2019 a&nbsp;uyumlu&nbsp;hale&nbsp;getirmeleri&nbsp;gerekmektedir.&nbsp; Yeni&nbsp;versiyonun&nbsp;GFSI&nbsp;onayl\u0131&nbsp;s\u00fcr\u00fcm&nbsp;olan&nbsp;IFA&nbsp;V6&nbsp;GFS&nbsp;&nbsp;zorunlulu\u011fu&nbsp;gerekli&nbsp;onay&nbsp;s\u00fcreci&nbsp;tamamland\u0131ktan&nbsp;sonra&nbsp; ba\u015flayacakt\u0131r.&nbsp;Bu&nbsp;s\u00fcre&nbsp;zarf\u0131nda&nbsp;GFSI&nbsp;onayl\u0131&nbsp;belge&nbsp;almak&nbsp;isteyen&nbsp;\u00fcreticiler&nbsp;&nbsp;IFA&nbsp;V&nbsp;5.4.1&nbsp;GFS&nbsp;versiyonundan&nbsp; sertifikasyona&nbsp;devam&nbsp;edebileceklerdir.&nbsp; Genel&nbsp;de\u011fi\u015fiklikleri&nbsp;i\u00e7eren&nbsp;GLOBALG.A.P.&nbsp;Genel&nbsp;Sekreterli\u011fi\u2019nin&nbsp;yay\u0131nlad\u0131\u011f\u0131&nbsp;&nbsp;bilgilendirme&nbsp;dok\u00fcman\u0131n\u0131&nbsp;ekte iletiyoruz,&nbsp;&nbsp;ayr\u0131nt\u0131l\u0131&nbsp;sorular\u0131n\u0131z&nbsp;\/&nbsp;ek&nbsp;bilgilendirme&nbsp;ve&nbsp;ge\u00e7i\u015f&nbsp;s\u00fcrecinde&nbsp;gerekli&nbsp;destek&nbsp;talebiniz&nbsp;i\u00e7in&nbsp;bizimle&nbsp;her&nbsp; zaman&nbsp;irtibata&nbsp;ge\u00e7ebilirsiniz.&nbsp; \u0130lgili&nbsp;y\u00f6netmelik&nbsp;ve&nbsp;t\u00fcm&nbsp;dok\u00fcmanlar&nbsp;i\u00e7in&nbsp;&nbsp;GLOBALG.A.P.&nbsp;&nbsp;resmi&nbsp;web&nbsp;sitesi&nbsp;https:\/\/www.globalgap.org&nbsp;\u2018u&nbsp;ziyaret edebilirsiniz&nbsp;ve&nbsp;bizlerden&nbsp;&nbsp;her&nbsp;zaman&nbsp;destek&nbsp;talep&nbsp;edebilirsiniz. \u0130yi&nbsp;\u00c7al\u0131\u015fmalar&nbsp;Dileriz.&nbsp; Ecas&nbsp;Uluslararas\u0131&nbsp;Sertifikasyon&nbsp;Ve&nbsp;Denetim&nbsp;Limited&nbsp;\u015eirketi&nbsp;&nbsp;<\/p>","protected":false},"author":1,"featured_media":0,"parent":0,"menu_order":0,"comment_status":"closed","ping_status":"closed","template":"","meta":{"_acf_changed":false,"footnotes":""},"class_list":["post-1273","page","type-page","status-publish","hentry"],"acf":[],"_links":{"self":[{"href":"https:\/\/ecas.com.tr\/en\/wp-json\/wp\/v2\/pages\/1273","targetHints":{"allow":["GET"]}}],"collection":[{"href":"https:\/\/ecas.com.tr\/en\/wp-json\/wp\/v2\/pages"}],"about":[{"href":"https:\/\/ecas.com.tr\/en\/wp-json\/wp\/v2\/types\/page"}],"author":[{"embeddable":true,"href":"https:\/\/ecas.com.tr\/en\/wp-json\/wp\/v2\/users\/1"}],"replies":[{"embeddable":true,"href":"https:\/\/ecas.com.tr\/en\/wp-json\/wp\/v2\/comments?post=1273"}],"version-history":[{"count":0,"href":"https:\/\/ecas.com.tr\/en\/wp-json\/wp\/v2\/pages\/1273\/revisions"}],"wp:attachment":[{"href":"https:\/\/ecas.com.tr\/en\/wp-json\/wp\/v2\/media?parent=1273"}],"curies":[{"name":"wp","href":"https:\/\/api.w.org\/{rel}","templated":true}]}}