{"id":183,"date":"2023-06-28T00:10:13","date_gmt":"2023-06-27T21:10:13","guid":{"rendered":"https:\/\/www.ecas.com.tr\/?page_id=183"},"modified":"2023-06-28T00:10:13","modified_gmt":"2023-06-27T21:10:13","slug":"globalgap-nedir","status":"publish","type":"page","link":"https:\/\/ecas.com.tr\/en\/globalgap-nedir\/","title":{"rendered":"What is Globalgap?"},"content":{"rendered":"<p>GLOBALG.AP is a private sector organization that sets voluntary standards for the certification of agricultural products worldwide.<\/p>\n\n\n\n<p>EUREPGAP, which was initially created as a European standard based on human health and environmental approach, began to be accepted all over the world in the following years and became a visa for products opening up to international markets, and was revised as GLOBALGAP in 2007.<\/p>\n\n\n\n<p>The GLOBALG.AP standard is primarily designed to address consumer concerns about how nutrients are produced on farm by minimizing the environmental impacts of farm operations by reducing the use of chemical inputs and taking a responsible approach to animal health as well as human health and safety.<\/p>\n\n\n\n<p>The aim is to establish a standard for Good Agricultural Practices (GAP) with different product practices that can be adapted to the whole of global agriculture. GLOBALGAP is a pre-farm entry standard, meaning that certification covers the entire process from farm inputs such as feed and seedlings of the certified product and all farming activities until the product leaves the farm.<\/p>\n\n\n\n<p>GLOBALGAP is a \u201cbusiness-to-business\u201d label and therefore not directly visible to the consumer. GLOBALGAP certification is implemented by more than 100 independent and accredited certification bodies in more than 80 countries. It is open to all producers worldwide. GLOBALGAP includes annual audits of producers and additional unannounced audits. GLOBALGAP consists of a set of normative documents. These documents include the GLOBALGAP General Regulations, the GLOBALGAP Control Points and Conformity Criteria and the GLOBALGAP Checklists.<\/p>\n\n\n\n<p>GLOBALG.AP acts as a practical handbook for Good Agricultural Practices (GAP) around the world. Its guiding principle is to ensure an equal partnership between agricultural producers and retailers who want to establish effective certification standards and procedures.<\/p>\n\n\n\n<p>The sector most challenged by globalizing markets is the staple food sector. GLOBALGAP is recognized as a key reference for Good Agricultural Practices (GAP) in the global market, by translating consumer needs into agricultural production in a rapidly growing list of countries \u2013 currently in more than 80 countries on every continent.<\/p>","protected":false},"excerpt":{"rendered":"<p>GLOBALG.A.P., b\u00fct\u00fcn d\u00fcnyay\u0131 kapsayan tar\u0131m \u00fcr\u00fcnlerinin sertifikasyonu i\u00e7in g\u00f6n\u00fcll\u00fc standartlar koyan bir \u00f6zel sekt\u00f6r kurulu\u015fudur. \u0130nsan sa\u011fl\u0131\u011f\u0131 ve \u00e7evreci yakla\u015f\u0131m\u0131 baz al\u0131narak , \u0130lk etapta Avrupa standard\u0131 olarak yarat\u0131lan EUREPGAP, sonraki y\u0131llarda t\u00fcm d\u00fcnya da kabul g\u00f6rmeye ve uluslararas\u0131 pazarlara a\u00e7\u0131lan \u00fcr\u00fcnler i\u00e7in vize niteli\u011fi ta\u015f\u0131maya ba\u015flad\u0131 ve 2007 y\u0131l\u0131nda GLOBALGAP olarak revize edildi. GLOBALG.A.P. &hellip; <\/p>\n<p class=\"link-more\"><a href=\"https:\/\/ecas.com.tr\/en\/globalgap-nedir\/\" class=\"more-link\">Read more<span class=\"screen-reader-text\"> &#8220;Globalgap Nedir ?&#8221;<\/span><\/a><\/p>","protected":false},"author":1,"featured_media":0,"parent":0,"menu_order":0,"comment_status":"closed","ping_status":"closed","template":"","meta":{"_acf_changed":false,"footnotes":""},"class_list":["post-183","page","type-page","status-publish","hentry"],"acf":[],"_links":{"self":[{"href":"https:\/\/ecas.com.tr\/en\/wp-json\/wp\/v2\/pages\/183","targetHints":{"allow":["GET"]}}],"collection":[{"href":"https:\/\/ecas.com.tr\/en\/wp-json\/wp\/v2\/pages"}],"about":[{"href":"https:\/\/ecas.com.tr\/en\/wp-json\/wp\/v2\/types\/page"}],"author":[{"embeddable":true,"href":"https:\/\/ecas.com.tr\/en\/wp-json\/wp\/v2\/users\/1"}],"replies":[{"embeddable":true,"href":"https:\/\/ecas.com.tr\/en\/wp-json\/wp\/v2\/comments?post=183"}],"version-history":[{"count":0,"href":"https:\/\/ecas.com.tr\/en\/wp-json\/wp\/v2\/pages\/183\/revisions"}],"wp:attachment":[{"href":"https:\/\/ecas.com.tr\/en\/wp-json\/wp\/v2\/media?parent=183"}],"curies":[{"name":"wp","href":"https:\/\/api.w.org\/{rel}","templated":true}]}}