{"id":192,"date":"2023-06-28T00:32:40","date_gmt":"2023-06-27T21:32:40","guid":{"rendered":"https:\/\/www.ecas.com.tr\/?page_id=192"},"modified":"2023-06-28T00:32:40","modified_gmt":"2023-06-27T21:32:40","slug":"iso-14001-2004","status":"publish","type":"page","link":"https:\/\/ecas.com.tr\/en\/iso-14001-2004\/","title":{"rendered":"ISO 14001:2004 Environmental Management System"},"content":{"rendered":"<p>It is a series of standards published by the International Standards Organization that describes the establishment of a system that ensures that environmental factors are determined at every stage of the process from raw materials to the product being offered to customers, and that these factors are kept under control with the necessary examinations and precautions, thus minimizing the damage to the environment.<\/p>\n\n\n\n<figure class=\"wp-block-image size-full\"><img decoding=\"async\" src=\"https:\/\/www.ecas.com.tr\/wp-content\/uploads\/2023\/07\/ISO_14001.png\" alt=\"\" class=\"wp-image-749\"\/><\/figure>\n\n\n\n<p>ISO 14000 Series StandardsISO 14001 Environmental Management System - Specifications and User GuideISO 14004 Environmental Management - Environmental Management Systems - General Guide to Principles, Systems and Supporting TechniquesISO 14020 Environmental Labels and Declarations - General PrinciplesISO 14031 Environmental Management - Environmental Performance Assessment - GuideISO 14040 Environmental Management - Life Cycle Assessment General Principles and ApplicationsTS EN ISO 19011:2011 Audit Guide for Quality and Environmental Management Systems<\/p>\n\n\n\n<p><strong>ARTICLE TITLES OF ISO 14001:2004 STANDARD<\/strong><\/p>\n\n\n\n<p><strong>1.<\/strong>&nbsp;Scope<\/p>\n\n\n\n<p><strong>2.<\/strong>&nbsp;Referenced standards and\/or documents<\/p>\n\n\n\n<p><strong>3.<\/strong>&nbsp;Terms and definitions<\/p>\n\n\n\n<p><strong>4.<\/strong>&nbsp;Requirements for the environmental management system<\/p>\n\n\n\n<p><strong>4.1<\/strong>\u00a0General conditions<\/p>\n\n\n\n<p><strong>4.2<\/strong>\u00a0Environmental policy<\/p>\n\n\n\n<p><strong>4.3<\/strong>\u00a0Planning<\/p>\n\n\n\n<p><strong>4.4<\/strong>\u00a0Application and activities<\/p>\n\n\n\n<p><strong>4.5<\/strong>\u00a0Checking<\/p>\n\n\n\n<p><strong>4.6<\/strong>\u00a0Management review<\/p>\n\n\n\n<p><strong>CERTIFICATION PROCESS<\/strong><\/p>\n\n\n\n<p>An organization that wants to obtain a certificate according to the ISO 14001 Environmental Management System Standard first signs a contract with a certification body authorized to issue this certificate.<\/p>\n\n\n\n<p>Establishes the quality system in the organization in accordance with the requirements of the ISO 14001 Environmental Management System Standard.<\/p>\n\n\n\n<p>After the necessary preparations are completed, an audit is requested from the certification body.<\/p>\n\n\n\n<p>As a result of the inspection carried out by expert auditors, companies that are certified to meet the minimum requirements of the ISO 14001 standard are certified.<\/p>\n\n\n\n<p>The ISO 14001 Certificate is valid for 3 years. During this period, an interim audit is conducted every year to ensure that the organization is carrying out its activities in accordance with the standard conditions, and at the end of the 3 years, a certificate renewal audit is conducted.<\/p>\n\n\n\n<p><strong>BENEFITS OF ISO 14001:2004<\/strong> <\/p>\n\n\n\n<p>Compliance with national and\/or international legislation, Increasing environmental performance, Providing advantage in international competition, Increasing company reputation and market share, Reducing expenses and increasing efficiency by improving cost control, Reducing accidents and similar events resulting in liability by being prepared for emergencies (earthquake, fire, flood, etc.) and accidents, Controlling and reducing pollution starting from the source, Saving input materials and energy.<\/p>","protected":false},"excerpt":{"rendered":"<p>Uluslararas\u0131 Standartlar Organizasyonu taraf\u0131ndan yay\u0131nlanm\u0131\u015f olan, \u00dcr\u00fcn\u00fcn, hammaddeden ba\u015flay\u0131p m\u00fc\u015fterilere sunulmas\u0131na kadar ge\u00e7en s\u00fcrecin her a\u015famas\u0131nda, \u00e7evresel fakt\u00f6rlerin belirlenmesi ve bu fakt\u00f6rlerin gerekli muayeneler ve \u00f6nlemler ile kontrol alt\u0131na al\u0131narak \u00e7evreye verilen zarar\u0131n en aza indirilmesini sa\u011flayan bir sistemin kurulmas\u0131n\u0131 tarif eden standartlar serisidir. ISO 14000 Serisi StandartlarISO 14001 \u00c7evre Y\u00f6netim Sistemi-\u00d6zellikler ve Kullan\u0131m K\u0131lavuzuISO &hellip; <\/p>\n<p class=\"link-more\"><a href=\"https:\/\/ecas.com.tr\/en\/iso-14001-2004\/\" class=\"more-link\">Read more<span class=\"screen-reader-text\"> &#8220;ISO 14001:2004 \u00c7evre Y\u00f6netim Sistemi&#8221;<\/span><\/a><\/p>","protected":false},"author":1,"featured_media":0,"parent":0,"menu_order":0,"comment_status":"closed","ping_status":"closed","template":"","meta":{"_acf_changed":false,"footnotes":""},"class_list":["post-192","page","type-page","status-publish","hentry"],"acf":[],"_links":{"self":[{"href":"https:\/\/ecas.com.tr\/en\/wp-json\/wp\/v2\/pages\/192","targetHints":{"allow":["GET"]}}],"collection":[{"href":"https:\/\/ecas.com.tr\/en\/wp-json\/wp\/v2\/pages"}],"about":[{"href":"https:\/\/ecas.com.tr\/en\/wp-json\/wp\/v2\/types\/page"}],"author":[{"embeddable":true,"href":"https:\/\/ecas.com.tr\/en\/wp-json\/wp\/v2\/users\/1"}],"replies":[{"embeddable":true,"href":"https:\/\/ecas.com.tr\/en\/wp-json\/wp\/v2\/comments?post=192"}],"version-history":[{"count":0,"href":"https:\/\/ecas.com.tr\/en\/wp-json\/wp\/v2\/pages\/192\/revisions"}],"wp:attachment":[{"href":"https:\/\/ecas.com.tr\/en\/wp-json\/wp\/v2\/media?parent=192"}],"curies":[{"name":"wp","href":"https:\/\/api.w.org\/{rel}","templated":true}]}}