{"id":202,"date":"2023-06-28T00:41:20","date_gmt":"2023-06-27T21:41:20","guid":{"rendered":"https:\/\/www.ecas.com.tr\/?page_id=202"},"modified":"2023-06-28T00:41:20","modified_gmt":"2023-06-27T21:41:20","slug":"hakkimizda","status":"publish","type":"page","link":"https:\/\/ecas.com.tr\/en\/hakkimizda\/","title":{"rendered":"Our company"},"content":{"rendered":"<p>Our aim is to contribute to the development of the agricultural sector with our expertise and to offer our producers options that will open new doors in national and international areas in line with ethical values. Our experience in different branches of agriculture also puts us in a leading position in agricultural certification.<\/p>\n\n\n\n<p>Each employee within our organization has been trained until they reach the highest level of education and experience qualification required by our business and has been introduced to the certification sector. As ECAS CERTIFICATION, our biggest investment is our personnel who are qualified and work at the standards they deserve. <\/p>\n\n\n\n<p>We are working tirelessly to introduce, popularize and ensure the correct implementation of agricultural certification in T\u00fcrkiye. We never see our current position as a target and continue to set higher targets. <\/p>\n\n\n\n<p>Our biggest goal is to always keep our customers&#039; satisfaction at the highest level. In order to achieve this, we prioritize customer feedback and take developmental measures. We believe in the importance and power of one-on-one and face-to-face meetings with our customers, and we make extra efforts and make action plans for this. <\/p>","protected":false},"excerpt":{"rendered":"<p>Amac\u0131m\u0131z, uzmanl\u0131\u011f\u0131m\u0131z ile tar\u0131m sekt\u00f6r\u00fcn\u00fcn geli\u015fimine katk\u0131 sa\u011flamak, \u00fcreticilerimize etik de\u011ferler do\u011frultusunda ,ulusal ve uluslar aras\u0131 alanlarda yeni kap\u0131lar a\u00e7abilecek se\u00e7enekler sunmakt\u0131r. Tar\u0131m\u0131n farkl\u0131 kollar\u0131ndan edindi\u011fimiz deneyimlerimiz tar\u0131msal belgelendirme konusunda da bizi lider konuma ta\u015f\u0131maktad\u0131r. B\u00fcnyemizdeki her \u00e7al\u0131\u015fan\u0131m\u0131z i\u015fimizin gerektirdi\u011fi en \u00fcst d\u00fczey e\u011fitim ve deneyim kalifikasyonuna ula\u015fana dek e\u011fitilmi\u015f ve sertifikasyon sekt\u00f6r\u00fcne kazand\u0131r\u0131lm\u0131\u015ft\u0131r. ECAS &hellip; <\/p>\n<p class=\"link-more\"><a href=\"https:\/\/ecas.com.tr\/en\/hakkimizda\/\" class=\"more-link\">Read more<span class=\"screen-reader-text\"> &#8220;\u015eirketimiz&#8221;<\/span><\/a><\/p>","protected":false},"author":1,"featured_media":0,"parent":0,"menu_order":0,"comment_status":"closed","ping_status":"closed","template":"","meta":{"_acf_changed":false,"footnotes":""},"class_list":["post-202","page","type-page","status-publish","hentry"],"acf":[],"_links":{"self":[{"href":"https:\/\/ecas.com.tr\/en\/wp-json\/wp\/v2\/pages\/202","targetHints":{"allow":["GET"]}}],"collection":[{"href":"https:\/\/ecas.com.tr\/en\/wp-json\/wp\/v2\/pages"}],"about":[{"href":"https:\/\/ecas.com.tr\/en\/wp-json\/wp\/v2\/types\/page"}],"author":[{"embeddable":true,"href":"https:\/\/ecas.com.tr\/en\/wp-json\/wp\/v2\/users\/1"}],"replies":[{"embeddable":true,"href":"https:\/\/ecas.com.tr\/en\/wp-json\/wp\/v2\/comments?post=202"}],"version-history":[{"count":0,"href":"https:\/\/ecas.com.tr\/en\/wp-json\/wp\/v2\/pages\/202\/revisions"}],"wp:attachment":[{"href":"https:\/\/ecas.com.tr\/en\/wp-json\/wp\/v2\/media?parent=202"}],"curies":[{"name":"wp","href":"https:\/\/api.w.org\/{rel}","templated":true}]}}