{"id":204,"date":"2023-06-28T00:42:06","date_gmt":"2023-06-27T21:42:06","guid":{"rendered":"https:\/\/www.ecas.com.tr\/?page_id=204"},"modified":"2023-06-28T00:42:06","modified_gmt":"2023-06-27T21:42:06","slug":"akreditasyon","status":"publish","type":"page","link":"https:\/\/ecas.com.tr\/en\/akreditasyon\/","title":{"rendered":"Accreditation"},"content":{"rendered":"<p>Ecas Certification and International Auditing Co. Ltd. was accredited by the Turkish Accreditation Agency TURKAK on 06.02.2009 with the number AB-0018-U according to TS EN 45011. Our ITU accreditation was renewed on 08.04.2013 and Organic Agriculture was added to our accreditation scope. Our accreditation scope was renewed according to TS EN ISO \/ IEC 17065:2012 standard on 12.05.2014.<\/p>\n\n\n\n<p>Our accreditation scopes;<\/p>\n\n\n\n<p>GOOD AGRICULTURAL PRACTICES<\/p>\n\n\n\n<p>Plant Production<br>-Fresh Fruits and Vegetables<br>-Field Crops<br>-Seedling Nursery<br>-Flowers and Ornamental Plants<\/p>\n\n\n\n<p>ORGANIC FARMING PRODUCTS<br>-Organic Plant Production<br>-Processing, Packaging, Labeling, Storage, Transportation and Marketing of Organic Products<\/p>","protected":false},"excerpt":{"rendered":"<p>Ecas Sertifikasyon ve Uluslararas\u0131 Denetim Ltd. \u015eti. 06.02.2009 tarihinde T\u00fcrk Akreditasyon Kurumu TURKAK taraf\u0131ndan TS EN 45011&#8217;e g\u00f6re AB-0018-U numaras\u0131 ile akredite olmu\u015ftur. 08.04.2013 tarihinde ITU akreditasyonumuz yenilenmi\u015f ve akreditasyon kapsam\u0131m\u0131za Organik Tar\u0131m da eklenmi\u015ftir. 12.05.2014 tarihinde de akreditasyon kapsam\u0131m\u0131z TS EN ISO \/ IEC 17065:2012 standard\u0131na g\u00f6re yenilenmi\u015ftir. Akreditasyon kapsamlar\u0131m\u0131z; \u0130Y\u0130 TARIM UYGULAMALARI Bitkisel &hellip; <\/p>\n<p class=\"link-more\"><a href=\"https:\/\/ecas.com.tr\/en\/akreditasyon\/\" class=\"more-link\">Read more<span class=\"screen-reader-text\"> &#8220;Akreditasyon&#8221;<\/span><\/a><\/p>","protected":false},"author":1,"featured_media":0,"parent":0,"menu_order":0,"comment_status":"closed","ping_status":"closed","template":"","meta":{"_acf_changed":false,"footnotes":""},"class_list":["post-204","page","type-page","status-publish","hentry"],"acf":[],"_links":{"self":[{"href":"https:\/\/ecas.com.tr\/en\/wp-json\/wp\/v2\/pages\/204","targetHints":{"allow":["GET"]}}],"collection":[{"href":"https:\/\/ecas.com.tr\/en\/wp-json\/wp\/v2\/pages"}],"about":[{"href":"https:\/\/ecas.com.tr\/en\/wp-json\/wp\/v2\/types\/page"}],"author":[{"embeddable":true,"href":"https:\/\/ecas.com.tr\/en\/wp-json\/wp\/v2\/users\/1"}],"replies":[{"embeddable":true,"href":"https:\/\/ecas.com.tr\/en\/wp-json\/wp\/v2\/comments?post=204"}],"version-history":[{"count":0,"href":"https:\/\/ecas.com.tr\/en\/wp-json\/wp\/v2\/pages\/204\/revisions"}],"wp:attachment":[{"href":"https:\/\/ecas.com.tr\/en\/wp-json\/wp\/v2\/media?parent=204"}],"curies":[{"name":"wp","href":"https:\/\/api.w.org\/{rel}","templated":true}]}}