{"id":206,"date":"2023-06-28T00:43:05","date_gmt":"2023-06-27T21:43:05","guid":{"rendered":"https:\/\/www.ecas.com.tr\/?page_id=206"},"modified":"2023-06-28T00:43:05","modified_gmt":"2023-06-27T21:43:05","slug":"yetkiler","status":"publish","type":"page","link":"https:\/\/ecas.com.tr\/en\/yetkiler\/","title":{"rendered":"Powers"},"content":{"rendered":"<p>1) Ecas Certification and International Audit Co. Ltd. has been authorized as a Good Agricultural Practices Control and Certification Organization with the establishment code TR.ITU.04, in accordance with the provisions of the Good Agricultural Practices Regulation, with the decision of the Good Agricultural Practices Committee dated 03.05.2007 and numbered 2007\/05 and the approval of the Undersecretariat Office dated 16.05.2007 and numbered 067. In addition, the scope of certification has been expanded within the scope of Good Agricultural Practices Animal Husbandry (Ruminant base, - cattle and sheep, cattle fattening, dairy cattle, poultry, turkey farming) with the decision of the Good Agricultural Practices Committee dated 09.04.2012 and numbered 2012\/3 and the approval of the Undersecretariat Office dated 19.04.2012 and numbered 083.<\/p>\n\n\n\n<p>Our Certification Scopes:<\/p>\n\n\n\n<p>Good Agricultural Practices Plant Production<br>-Fresh Fruits and Vegetables<br>-Field Crops<br>-Seedling Nursery<br>-Cut Flowers and Ornamental Plants<\/p>\n\n\n\n<p>Good Agricultural Practices Animal Production<br>-Poultry farming<br>-Ruminant base,- cattle and sheep<\/p>\n\n\n\n<p>2) Ecas Certification and International Inspection Co. Ltd. has been authorized as an Organic Agriculture Control and Certification Organization with the establishment code TR-OT-23, in accordance with the provisions of the Organic Agriculture Law No. 5262 and the Regulation on the Principles and Implementation of Organic Agriculture, with the decision of the Organic Agriculture Committee dated 06.03.2012 and numbered 2012\/01, and with the approval of the Undersecretariat Authority dated 09.03.2012 and numbered 046.<\/p>","protected":false},"excerpt":{"rendered":"<p>1) Ecas Sertifikasyon ve Uluslararas\u0131 Denetim Ltd. \u015eti. TR.ITU.04 Kurulu\u015f kodu ile, \u0130yi Tar\u0131m Uygulamalar\u0131 y\u00f6netmeli\u011fi h\u00fck\u00fcmlerince, \u0130yi Tar\u0131m Uygulamalar\u0131 Komitesi\u2019nin 03.05.2007 tarih ve 2007\/05 say\u0131l\u0131 karar\u0131 ve M\u00fcste\u015farl\u0131k Makam\u0131\u2019n\u0131n 16.05.2007 Tarih ve 067 say\u0131l\u0131 Olur\u2019lar\u0131 ile \u0130yi Tar\u0131m Uygulamalar\u0131 kontrol ve Sertifikasyon Kurulu\u015fu olarak yetkilendirilmi\u015ftir. Ayr\u0131ca , \u0130yi Tar\u0131m Uygulamalar\u0131 Komitesi\u2019nin 09.04.2012 tarih ve &hellip; <\/p>\n<p class=\"link-more\"><a href=\"https:\/\/ecas.com.tr\/en\/yetkiler\/\" class=\"more-link\">Read more<span class=\"screen-reader-text\"> &#8220;Yetkiler&#8221;<\/span><\/a><\/p>","protected":false},"author":1,"featured_media":0,"parent":0,"menu_order":0,"comment_status":"closed","ping_status":"closed","template":"","meta":{"_acf_changed":false,"footnotes":""},"class_list":["post-206","page","type-page","status-publish","hentry"],"acf":[],"_links":{"self":[{"href":"https:\/\/ecas.com.tr\/en\/wp-json\/wp\/v2\/pages\/206","targetHints":{"allow":["GET"]}}],"collection":[{"href":"https:\/\/ecas.com.tr\/en\/wp-json\/wp\/v2\/pages"}],"about":[{"href":"https:\/\/ecas.com.tr\/en\/wp-json\/wp\/v2\/types\/page"}],"author":[{"embeddable":true,"href":"https:\/\/ecas.com.tr\/en\/wp-json\/wp\/v2\/users\/1"}],"replies":[{"embeddable":true,"href":"https:\/\/ecas.com.tr\/en\/wp-json\/wp\/v2\/comments?post=206"}],"version-history":[{"count":0,"href":"https:\/\/ecas.com.tr\/en\/wp-json\/wp\/v2\/pages\/206\/revisions"}],"wp:attachment":[{"href":"https:\/\/ecas.com.tr\/en\/wp-json\/wp\/v2\/media?parent=206"}],"curies":[{"name":"wp","href":"https:\/\/api.w.org\/{rel}","templated":true}]}}