{"id":210,"date":"2023-06-28T00:44:53","date_gmt":"2023-06-27T21:44:53","guid":{"rendered":"https:\/\/www.ecas.com.tr\/?page_id=210"},"modified":"2023-06-28T00:44:53","modified_gmt":"2023-06-27T21:44:53","slug":"kalite-politikamiz","status":"publish","type":"page","link":"https:\/\/ecas.com.tr\/en\/kalite-politikamiz\/","title":{"rendered":"Our Quality Policy"},"content":{"rendered":"<p>As Ecas Certification and International Auditing Co. Ltd., we ensure the participation of all parties inside and outside the organization to ensure the impartiality and independence of the certification activities we carry out. <\/p>\n\n\n\n<p>We implement, maintain and improve the effectiveness of ITU and OT Regulations, TS EN ISO \/ IEC 17065 Standard and all relevant international standards and rules. We consider the development of our employees as our own development in our organization and carry out all necessary training activities and activities to increase knowledge and skills.<\/p>\n\n\n\n<p>We take the necessary precautions to avoid any conflict of interest with all interested parties. Along with ensuring customer satisfaction, we work to meet all legal requirements, maintain our compliance with this, improve it and thus add value to Turkish Agriculture and contribute to our national economy.<\/p>","protected":false},"excerpt":{"rendered":"<p>Ecas Sertifikasyon ve Uluslararas\u0131 Denetim Ltd. \u015eti. olarak, y\u00fcr\u00fctmekte oldu\u011fumuz sertifikasyon faaliyetlerinin tarafs\u0131zl\u0131\u011f\u0131n\u0131 ve ba\u011f\u0131ms\u0131zl\u0131\u011f\u0131 sa\u011flamak \u00fczere kurulu\u015f i\u00e7i ve d\u0131\u015f\u0131 t\u00fcm taraflar\u0131n kat\u0131l\u0131m\u0131n\u0131 sa\u011flar\u0131z. \u0130TU ve OT Y\u00f6netmelikleri, TS EN ISO \/IEC 17065 Standard\u0131 ve uluslar aras\u0131 ge\u00e7erli ilgili t\u00fcm standart ve kurallar\u0131 uygular, s\u00fcrekli k\u0131lar ve kurulu\u015f i\u00e7erisindeki etkinli\u011fini iyile\u015ftiririz. Kurulu\u015fumuzda \u00e7al\u0131\u015fanlar\u0131m\u0131z\u0131n geli\u015fimini &hellip; <\/p>\n<p class=\"link-more\"><a href=\"https:\/\/ecas.com.tr\/en\/kalite-politikamiz\/\" class=\"more-link\">Read more<span class=\"screen-reader-text\"> &#8220;Kalite Politikam\u0131z&#8221;<\/span><\/a><\/p>","protected":false},"author":1,"featured_media":0,"parent":0,"menu_order":0,"comment_status":"closed","ping_status":"closed","template":"","meta":{"_acf_changed":false,"footnotes":""},"class_list":["post-210","page","type-page","status-publish","hentry"],"acf":[],"_links":{"self":[{"href":"https:\/\/ecas.com.tr\/en\/wp-json\/wp\/v2\/pages\/210","targetHints":{"allow":["GET"]}}],"collection":[{"href":"https:\/\/ecas.com.tr\/en\/wp-json\/wp\/v2\/pages"}],"about":[{"href":"https:\/\/ecas.com.tr\/en\/wp-json\/wp\/v2\/types\/page"}],"author":[{"embeddable":true,"href":"https:\/\/ecas.com.tr\/en\/wp-json\/wp\/v2\/users\/1"}],"replies":[{"embeddable":true,"href":"https:\/\/ecas.com.tr\/en\/wp-json\/wp\/v2\/comments?post=210"}],"version-history":[{"count":0,"href":"https:\/\/ecas.com.tr\/en\/wp-json\/wp\/v2\/pages\/210\/revisions"}],"wp:attachment":[{"href":"https:\/\/ecas.com.tr\/en\/wp-json\/wp\/v2\/media?parent=210"}],"curies":[{"name":"wp","href":"https:\/\/api.w.org\/{rel}","templated":true}]}}