{"id":523,"date":"2023-07-02T01:15:39","date_gmt":"2023-07-01T22:15:39","guid":{"rendered":"https:\/\/www.ecas.com.tr\/?page_id=523"},"modified":"2025-11-04T09:15:20","modified_gmt":"2025-11-04T09:15:20","slug":"dokumanlar","status":"publish","type":"page","link":"https:\/\/ecas.com.tr\/en\/dokumanlar\/","title":{"rendered":"Documents"},"content":{"rendered":"<h4 class=\"wp-block-heading\"><br>Forms<br><\/h4>\n\n\n\n<figure class=\"wp-block-table is-style-stripes\"><table><thead><tr><th>DOCUMENT NAME<\/th><th>REV.NO<\/th><\/tr><\/thead><tbody><tr><td><a href=\"https:\/\/www.ecas.com.tr\/wp-content\/uploads\/2023\/07\/sikayet_itiraz_bildirim_formu.doc\"><br>Complaint and Objection Notification Form<br><\/a><\/td><td>03<\/td><\/tr><tr><td><a href=\"https:\/\/www.ecas.com.tr\/wp-content\/uploads\/2023\/07\/itu_globalgap_grasp_bitkisel_uretim_basvuru_formu.doc\"><br>Good Agricultural Practices Plant Production Application Form<br><\/a><\/td><td>02<\/td><\/tr><tr><td><a href=\"https:\/\/www.ecas.com.tr\/wp-content\/uploads\/2023\/07\/bitkisel_uretim_grup_uretici_listesi.xls\"><br>Good Agricultural Practices Plant Production Group Application Form Annex<br><\/a><\/td><td>00<\/td><\/tr><tr><td><a href=\"https:\/\/www.ecas.com.tr\/wp-content\/uploads\/2023\/07\/itu_globalgap_hayvansal_uretim_basvuru_formu.doc\"><br>Good Agricultural Practices Animal Production Application Form<br><\/a><\/td><td>02<\/td><\/tr><tr><td><a href=\"https:\/\/www.ecas.com.tr\/wp-content\/uploads\/2023\/07\/hayvansal_uretim_grup_uretici_listesi.xls\"><br>Good Agricultural Practices Animal Production Group Application Form Annex<br><\/a><\/td><td>00<\/td><\/tr><tr><td><a href=\"https:\/\/ecas.com.tr\/wp-content\/uploads\/2025\/04\/globalgap_basvuru_formu.xlsx\"><br>Globalgap Application Form<br><\/a><\/td><td>03<\/td><\/tr><tr><td><a href=\"https:\/\/www.ecas.com.tr\/wp-content\/uploads\/2023\/07\/organik_tarim_bitkisel_uretim_basvuru_formu.xlsx\"><br>Organic Agriculture Plant Production Application Form<br><\/a><\/td><td>04<\/td><\/tr><tr><td><a href=\"https:\/\/www.ecas.com.tr\/wp-content\/uploads\/2023\/07\/organik_tarim_grup_basvuru_formu.xlsx\"><br>Organic Agriculture Group Application Form Annex<br><\/a><\/td><td>04<\/td><\/tr><tr><td><a href=\"https:\/\/www.ecas.com.tr\/wp-content\/uploads\/2023\/07\/organik_tarim_hayvansal_uretim_basvuru_formu.xlsx\"><br>Organic Farming Animal Production Application Form<br><\/a><\/td><td>04<\/td><\/tr><tr><td><a href=\"https:\/\/www.ecas.com.tr\/wp-content\/uploads\/2023\/07\/organik_tarim_aricilik_basvuru_formu.xlsx\"><br>Organic Farming Beekeeping Application Form<br><\/a><\/td><td>04<\/td><\/tr><tr><td><a href=\"https:\/\/www.ecas.com.tr\/wp-content\/uploads\/2023\/07\/organik_tarim_girdi_basvuru_formu.xlsx\"><br>Organic Farming Input Application Form<br><\/a><\/td><td>04<\/td><\/tr><tr><td><a href=\"https:\/\/www.ecas.com.tr\/wp-content\/uploads\/2023\/07\/organik_tarim_urun_isleme_basvuru_formu.xlsx\"><br>Organic Agriculture Product Processing Application Form<br><\/a><\/td><td>04<\/td><\/tr><tr><td><a href=\"https:\/\/www.ecas.com.tr\/wp-content\/uploads\/2023\/07\/ISO-22000_ISO-9001_ISO-14001_OHSAS-18001_BRC_FSSC_22000_basvuru_formu.doc\"><br>ISO 22000-ISO 9001-ISO 14001-OHSAS 18001-BRC \u2013 FSSC 22000 Application Form<br><\/a><\/td><td>12<\/td><\/tr><tr><td><a href=\"https:\/\/www.ecas.com.tr\/wp-content\/uploads\/2023\/07\/tesco_nurture_basvuru_formu.doc\"><br>Tesco Nurture Application Form<br><\/a><\/td><td>04<\/td><\/tr><\/tbody><\/table><\/figure>\n\n\n\n<h4 class=\"wp-block-heading\"><br>Procedures<br><\/h4>\n\n\n\n<figure class=\"wp-block-table is-style-stripes\"><table><thead><tr><th>DOCUMENT NAME<\/th><th>REV.NO<\/th><\/tr><\/thead><tbody><tr><td><a href=\"https:\/\/www.ecas.com.tr\/wp-content\/uploads\/2023\/07\/logo_ve_belge_kullanim_proseduru.pdf?{% now &quot;U&quot; %}\"><br>Logo and Document Usage Procedure<br><\/a><\/td><td>08<\/td><\/tr><tr><td><a href=\"https:\/\/ecas.com.tr\/wp-content\/uploads\/2025\/08\/ucretlendirme_proseduru.pdf\" target=\"_blank\" rel=\"noreferrer noopener\"><br>Pricing Procedure<br><\/a><\/td><td>22<\/td><\/tr><\/tbody><\/table><\/figure>\n\n\n\n<h4 class=\"wp-block-heading\"><br>Documentation Guidelines<br><\/h4>\n\n\n\n<figure class=\"wp-block-table is-style-stripes\"><table><thead><tr><th>DOCUMENT NAME<\/th><th>REV.NO<\/th><\/tr><\/thead><tbody><tr><td><a href=\"https:\/\/www.ecas.com.tr\/wp-content\/uploads\/2023\/12\/globalgap_belgelendirme_klavuzu.pdf\" target=\"_blank\" rel=\"noreferrer noopener\"><br>Globalgap Certification Guide<br><\/a><\/td><td>00<\/td><\/tr><tr><td><a href=\"https:\/\/www.ecas.com.tr\/wp-content\/uploads\/2023\/12\/iyi_tarim_uygulamalari_belgelendirme_klavuzu.pdf\" target=\"_blank\" rel=\"noreferrer noopener\"><br>Good Agricultural Practices Certification Guide<\/a><br><\/td><td>00<\/td><\/tr><tr><td><a href=\"https:\/\/www.ecas.com.tr\/wp-content\/uploads\/2023\/12\/organik_tarim_belgelendirme_klavuzu.pdf\" target=\"_blank\" rel=\"noreferrer noopener\"><br>Organic Agriculture Certification Guide<\/a><br><\/td><td>00<\/td><\/tr><\/tbody><\/table><\/figure>\n\n\n\n<h4 class=\"wp-block-heading\"><br>Workflow Diagrams<br><\/h4>\n\n\n\n<figure class=\"wp-block-table is-style-stripes\"><table><thead><tr><th>DOCUMENT NAME<\/th><th>REV.NO<\/th><\/tr><\/thead><tbody><tr><td><a href=\"https:\/\/www.ecas.com.tr\/wp-content\/uploads\/2023\/12\/globalgap_is_akis_semasi.xls\"><br>Globalgap Workflow Diagram<br><\/a><\/td><td>01<\/td><\/tr><tr><td><a href=\"https:\/\/www.ecas.com.tr\/wp-content\/uploads\/2023\/07\/iyi_tarim_uygulamalari_is_akis_semasi.xls\"><br>Good Agricultural Practices Workflow Diagram<br><\/a><\/td><td>02<\/td><\/tr><tr><td><a href=\"https:\/\/www.ecas.com.tr\/wp-content\/uploads\/2023\/07\/organik_tarim_is_akis_semasi.xls\"><br>Organic Farming Workflow Diagram<br><\/a><\/td><td>02<\/td><\/tr><\/tbody><\/table><\/figure>\n\n\n\n<h4 class=\"wp-block-heading\"><br>Legislation<br><\/h4>\n\n\n\n<figure class=\"wp-block-table is-style-stripes\"><table><thead><tr><th>DOCUMENT NAME<\/th><\/tr><\/thead><tbody><tr><td><a href=\"https:\/\/www.ecas.com.tr\/wp-content\/uploads\/2023\/07\/iyi_tarim_yonetmelik.docx\"><br>Regulation on Good Agricultural Practices<br><\/a><\/td><\/tr><tr><td><a href=\"http:\/\/www.resmigazete.gov.tr\/eskiler\/2004\/12\/20041203.htm#1\" target=\"_blank\" rel=\"noopener\"><br>Organic Agriculture Law<br><\/a><\/td><\/tr><tr><td><a href=\"https:\/\/www.ecas.com.tr\/wp-content\/uploads\/2023\/07\/organik_yonetmelik.pdf\"><br>Regulation on Organic Agriculture Principles and Implementation<br><\/a><\/td><\/tr><tr><td><a href=\"https:\/\/www.ecas.com.tr\/wp-content\/uploads\/2023\/07\/organik_yonetmelik_degisiklik.docx\"><br>Regulation Amending the Regulation on the Principles and Implementation of Organic Agriculture<br><\/a><\/td><\/tr><tr><td><a href=\"https:\/\/www.ecas.com.tr\/wp-content\/uploads\/2023\/07\/iyitarim_destekleme_teblig.docx\"><br>Communiqu\u00e9 on Good Agricultural Practices Support Payment<br><\/a><\/td><\/tr><tr><td><a href=\"https:\/\/www.resmigazete.gov.tr\/eskiler\/2020\/04\/20200428-3.htm\" target=\"_blank\" rel=\"noopener\"><br>Regulation Amending the Regulation on Good Agricultural Practices<br><\/a><\/td><\/tr><tr><td><a href=\"https:\/\/www.resmigazete.gov.tr\/eskiler\/2020\/04\/20200428-4.htm\" target=\"_blank\" rel=\"noopener\"><br>Regulation Amending the Regulation on the Principles and Implementation of Organic Agriculture<br><\/a><\/td><\/tr><\/tbody><\/table><\/figure>\n\n\n\n<h4 class=\"wp-block-heading\"><br>Entrepreneur\/Supplier Lists<br><\/h4>\n\n\n\n<figure class=\"wp-block-table is-style-stripes\"><table><thead><tr><th>DOCUMENT NAME<\/th><\/tr><\/thead><tbody><tr><td><br><a href=\"https:\/\/ecas.com.tr\/wp-content\/uploads\/2025\/11\/organik_tarim_mutesebbis_listesi.pdf\" target=\"_blank\" rel=\"noreferrer noopener\">Organic Farming Entrepreneur List<\/a><br><\/td><\/tr><tr><td><a href=\"https:\/\/www.ecas.com.tr\/wp-content\/uploads\/2024\/10\/tedarikci_listesi.pdf\" target=\"_blank\" rel=\"noopener\" title=\"\"><br>Supplier List<br><\/a><\/td><\/tr><\/tbody><\/table><\/figure>\n\n\n\n<p><\/p>","protected":false},"excerpt":{"rendered":"<p>Formlar D\u00d6K\u00dcMAN ADI REV.NO \u015eikayet ve \u0130tiraz Bildirim Formu 03 \u0130yi Tar\u0131m Uygulamalar\u0131 Bitkisel \u00dcretim Ba\u015fvuru Formu 02 \u0130yi Tar\u0131m Uygulamalar\u0131 Bitkisel \u00dcretim Grup Ba\u015fvuru Formu Ek 00 \u0130yi Tar\u0131m Uygulamalar\u0131 Hayvansal \u00dcretim Ba\u015fvuru Formu 02 \u0130yi Tar\u0131m Uygulamalar\u0131 Hayvansal \u00dcretim Grup Ba\u015fvuru Formu Ek 00 Globalgap Ba\u015fvuru Formu 03 Organik Tar\u0131m Bitkisel \u00dcretim Ba\u015fvuru &hellip; <\/p>\n<p class=\"link-more\"><a href=\"https:\/\/ecas.com.tr\/en\/dokumanlar\/\" class=\"more-link\">Read more<span class=\"screen-reader-text\"> &#8220;D\u00f6k\u00fcmanlar&#8221;<\/span><\/a><\/p>","protected":false},"author":1,"featured_media":0,"parent":0,"menu_order":0,"comment_status":"closed","ping_status":"closed","template":"","meta":{"_acf_changed":false,"footnotes":""},"class_list":["post-523","page","type-page","status-publish","hentry"],"acf":[],"_links":{"self":[{"href":"https:\/\/ecas.com.tr\/en\/wp-json\/wp\/v2\/pages\/523","targetHints":{"allow":["GET"]}}],"collection":[{"href":"https:\/\/ecas.com.tr\/en\/wp-json\/wp\/v2\/pages"}],"about":[{"href":"https:\/\/ecas.com.tr\/en\/wp-json\/wp\/v2\/types\/page"}],"author":[{"embeddable":true,"href":"https:\/\/ecas.com.tr\/en\/wp-json\/wp\/v2\/users\/1"}],"replies":[{"embeddable":true,"href":"https:\/\/ecas.com.tr\/en\/wp-json\/wp\/v2\/comments?post=523"}],"version-history":[{"count":5,"href":"https:\/\/ecas.com.tr\/en\/wp-json\/wp\/v2\/pages\/523\/revisions"}],"predecessor-version":[{"id":1751,"href":"https:\/\/ecas.com.tr\/en\/wp-json\/wp\/v2\/pages\/523\/revisions\/1751"}],"wp:attachment":[{"href":"https:\/\/ecas.com.tr\/en\/wp-json\/wp\/v2\/media?parent=523"}],"curies":[{"name":"wp","href":"https:\/\/api.w.org\/{rel}","templated":true}]}}