{"id":752,"date":"2023-07-04T14:59:19","date_gmt":"2023-07-04T11:59:19","guid":{"rendered":"https:\/\/www.ecas.com.tr\/?page_id=752"},"modified":"2025-04-25T16:47:07","modified_gmt":"2025-04-25T16:47:07","slug":"iletisim","status":"publish","type":"page","link":"https:\/\/ecas.com.tr\/en\/iletisim\/","title":{"rendered":"Communication"},"content":{"rendered":"<div class='mapster-wp-maps-container'>\n\t\t\t\t<div class='mapster-wp-maps-loader-container' style='height: 400px;width: 100%;'>\n\t\t\t\t\t<div class='mapster-map-loader-initial' style='background-color: rgba(255,255,255,0.6)'>\n\t\t\t\t\t\t<svg stroke=\"rgba(0, 0, 0, 0.3)\" fill=\"rgba(0, 0, 0, 0.3)\"width=\"38\" height=\"38\" viewbox=\"0 0 38 38\" xmlns=\"http:\/\/www.w3.org\/2000\/svg\"> <g fill=\"none\" fill-rule=\"evenodd\"> <g transform=\"translate(1 1)\" stroke-width=\"2\"> <circle stroke-opacity=\".5\" cx=\"18\" cy=\"18\" r=\"18\"\/> <path d=\"M36 18c0-9.94-8.06-18-18-18\"> <animatetransform attributename=\"transform\" type=\"rotate\" from=\"0 18 18\" to=\"360 18 18\" dur=\"1s\" repeatcount=\"indefinite\"\/> <\/path> <\/g> <\/g> <\/svg>\n\t\t\t\t\t<\/div>\n\t\t\t\t<\/div>\n\t\t\t\t<div class='mapster-wp-maps'\n\t\t\t\t\tid='mapster-wp-maps-1703'\n\t\t\t\t\tdata-id='1703'\n\t\t\t\t\tdata-latitude='null'\n\t\t\t\t\tdata-longitude='null'\n\t\t\t\t\tdata-zoom='null'\n\t\t\t\t\tdata-single_feature_id=''\n\t\t\t\t\tdata-feature_ids=''>\n\t\t\t\t<\/div>\n\t\t\t\t\n\t\t\t<\/div>\n\t\t\n\n\n\n<p><\/p>\n\n\n\n<p>Ecas Certification and International Auditing Ltd. Co.<br>Adres: Etiler Mah. Evliya \u00c7elebi Cad. Remel Plaza No:23\/704-705 Muratpa\u015fa\/ANTALYA, T\u00dcRK\u0130YE<br>E-Mail:&nbsp;info@ecas.com.tr<br>Kep:&nbsp;ecas@h01.kep.tr<br>Phone: +90 (242) 321 5556<\/p>","protected":false},"excerpt":{"rendered":"<p>Ecas Sertifikasyon ve Uluslararas\u0131 Denetim Ltd. \u015eti.Adres: Etiler Mah. Evliya \u00c7elebi Cad. Remel Plaza No:23\/704-705 Muratpa\u015fa\/ANTALYA, T\u00dcRK\u0130YEE-Mail:&nbsp;info@ecas.com.trKep:&nbsp;ecas@h01.kep.trTel: +90 (242) 321 5556<\/p>","protected":false},"author":1,"featured_media":0,"parent":0,"menu_order":0,"comment_status":"closed","ping_status":"closed","template":"","meta":{"_acf_changed":false,"footnotes":""},"class_list":["post-752","page","type-page","status-publish","hentry"],"acf":[],"_links":{"self":[{"href":"https:\/\/ecas.com.tr\/en\/wp-json\/wp\/v2\/pages\/752","targetHints":{"allow":["GET"]}}],"collection":[{"href":"https:\/\/ecas.com.tr\/en\/wp-json\/wp\/v2\/pages"}],"about":[{"href":"https:\/\/ecas.com.tr\/en\/wp-json\/wp\/v2\/types\/page"}],"author":[{"embeddable":true,"href":"https:\/\/ecas.com.tr\/en\/wp-json\/wp\/v2\/users\/1"}],"replies":[{"embeddable":true,"href":"https:\/\/ecas.com.tr\/en\/wp-json\/wp\/v2\/comments?post=752"}],"version-history":[{"count":3,"href":"https:\/\/ecas.com.tr\/en\/wp-json\/wp\/v2\/pages\/752\/revisions"}],"predecessor-version":[{"id":1714,"href":"https:\/\/ecas.com.tr\/en\/wp-json\/wp\/v2\/pages\/752\/revisions\/1714"}],"wp:attachment":[{"href":"https:\/\/ecas.com.tr\/en\/wp-json\/wp\/v2\/media?parent=752"}],"curies":[{"name":"wp","href":"https:\/\/api.w.org\/{rel}","templated":true}]}}